{"id":8,"date":"2017-06-19T18:04:21","date_gmt":"2017-06-19T16:04:21","guid":{"rendered":"http:\/\/pepesourcier.fr\/?page_id=8"},"modified":"2018-09-07T10:20:50","modified_gmt":"2018-09-07T08:20:50","slug":"a-propos-de","status":"publish","type":"page","link":"https:\/\/pepesourcier.fr\/?page_id=8","title":{"rendered":"\u00c0 propos de"},"content":{"rendered":"<p>Ce Blog est en quelque sorte le testament technique et philosophique d&rsquo; un ing\u00e9nieur g\u00e9otechnicien sp\u00e9cialis\u00e9 en catastrophes naturelles(mouvements de terrain,s\u00e9cheresse,inondation) ainsi qu&rsquo;en terrassement qui pr\u00e9f\u00e8re transmettre aux g\u00e9n\u00e9rations futures les connaissances in\u00e9dites accumul\u00e9es au cours de sa carri\u00e8re profane de 33 ans.<\/p>\n<p>Etant passionn\u00e9 d&rsquo;arch\u00e9ologie,de g\u00e9n\u00e9alogie,de radiesth\u00e9sie je veux aussi transmettre quelques d\u00e9couvertes int\u00e9ressantes.<\/p>\n<p>Les principaux domaines du blog seront\u00a0:<\/p>\n<p>-G\u00e9ologie,g\u00e9otechnique<\/p>\n<p>-Arch\u00e9ologie patrimoine<\/p>\n<p>-Radiesth\u00e9sie,g\u00e9obiologie<\/p>\n<p>-G\u00e9n\u00e9alogie<\/p>\n","protected":false},"excerpt":{"rendered":"<p>Ce Blog est en quelque sorte le testament technique et philosophique d&rsquo; un ing\u00e9nieur g\u00e9otechnicien sp\u00e9cialis\u00e9 en catastrophes naturelles(mouvements de terrain,s\u00e9cheresse,inondation) ainsi qu&rsquo;en terrassement qui pr\u00e9f\u00e8re transmettre aux g\u00e9n\u00e9rations futures les connaissances in\u00e9dites accumul\u00e9es au cours de sa carri\u00e8re profane de 33 ans. Etant passionn\u00e9 d&rsquo;arch\u00e9ologie,de g\u00e9n\u00e9alogie,de radiesth\u00e9sie je veux aussi transmettre quelques d\u00e9couvertes int\u00e9ressantes. &hellip; <\/p>\n<p class=\"link-more\"><a href=\"https:\/\/pepesourcier.fr\/?page_id=8\" class=\"more-link\">Continuer la lecture<span class=\"screen-reader-text\"> de &laquo;&nbsp;\u00c0 propos de&nbsp;&raquo;<\/span><\/a><\/p>\n","protected":false},"author":1,"featured_media":0,"parent":0,"menu_order":0,"comment_status":"closed","ping_status":"closed","template":"","meta":[],"_links":{"self":[{"href":"https:\/\/pepesourcier.fr\/index.php?rest_route=\/wp\/v2\/pages\/8"}],"collection":[{"href":"https:\/\/pepesourcier.fr\/index.php?rest_route=\/wp\/v2\/pages"}],"about":[{"href":"https:\/\/pepesourcier.fr\/index.php?rest_route=\/wp\/v2\/types\/page"}],"author":[{"embeddable":true,"href":"https:\/\/pepesourcier.fr\/index.php?rest_route=\/wp\/v2\/users\/1"}],"replies":[{"embeddable":true,"href":"https:\/\/pepesourcier.fr\/index.php?rest_route=%2Fwp%2Fv2%2Fcomments&post=8"}],"version-history":[{"count":3,"href":"https:\/\/pepesourcier.fr\/index.php?rest_route=\/wp\/v2\/pages\/8\/revisions"}],"predecessor-version":[{"id":494,"href":"https:\/\/pepesourcier.fr\/index.php?rest_route=\/wp\/v2\/pages\/8\/revisions\/494"}],"wp:attachment":[{"href":"https:\/\/pepesourcier.fr\/index.php?rest_route=%2Fwp%2Fv2%2Fmedia&parent=8"}],"curies":[{"name":"wp","href":"https:\/\/api.w.org\/{rel}","templated":true}]}}