{"id":9,"date":"2017-06-19T18:04:21","date_gmt":"2017-06-19T16:04:21","guid":{"rendered":"http:\/\/pepesourcier.fr\/?page_id=9"},"modified":"2018-09-07T10:25:52","modified_gmt":"2018-09-07T08:25:52","slug":"contact","status":"publish","type":"page","link":"https:\/\/pepesourcier.fr\/?page_id=9","title":{"rendered":"Contact"},"content":{"rendered":"<p>L&rsquo;int\u00e9r\u00eat de ce blog est \u00e9videmment son interactivit\u00e9<\/p>\n<p>Si vous avez des remarques ou des compl\u00e9ments \u00e0 formuler m&rsquo;envoyer\u00a0 un mel \u00e0 l&rsquo;adresse :lannigarververo@orange.fr<\/p>\n<p>Les remarques int\u00e9ressantes pourront \u00eatre int\u00e9gr\u00e9 dans le blog.<\/p>\n<p>&nbsp;<\/p>\n","protected":false},"excerpt":{"rendered":"<p>L&rsquo;int\u00e9r\u00eat de ce blog est \u00e9videmment son interactivit\u00e9 Si vous avez des remarques ou des compl\u00e9ments \u00e0 formuler m&rsquo;envoyer\u00a0 un mel \u00e0 l&rsquo;adresse :lannigarververo@orange.fr Les remarques int\u00e9ressantes pourront \u00eatre int\u00e9gr\u00e9 dans le blog. &nbsp;<\/p>\n","protected":false},"author":1,"featured_media":0,"parent":0,"menu_order":0,"comment_status":"closed","ping_status":"closed","template":"","meta":[],"_links":{"self":[{"href":"https:\/\/pepesourcier.fr\/index.php?rest_route=\/wp\/v2\/pages\/9"}],"collection":[{"href":"https:\/\/pepesourcier.fr\/index.php?rest_route=\/wp\/v2\/pages"}],"about":[{"href":"https:\/\/pepesourcier.fr\/index.php?rest_route=\/wp\/v2\/types\/page"}],"author":[{"embeddable":true,"href":"https:\/\/pepesourcier.fr\/index.php?rest_route=\/wp\/v2\/users\/1"}],"replies":[{"embeddable":true,"href":"https:\/\/pepesourcier.fr\/index.php?rest_route=%2Fwp%2Fv2%2Fcomments&post=9"}],"version-history":[{"count":5,"href":"https:\/\/pepesourcier.fr\/index.php?rest_route=\/wp\/v2\/pages\/9\/revisions"}],"predecessor-version":[{"id":495,"href":"https:\/\/pepesourcier.fr\/index.php?rest_route=\/wp\/v2\/pages\/9\/revisions\/495"}],"wp:attachment":[{"href":"https:\/\/pepesourcier.fr\/index.php?rest_route=%2Fwp%2Fv2%2Fmedia&parent=9"}],"curies":[{"name":"wp","href":"https:\/\/api.w.org\/{rel}","templated":true}]}}